{"id":17706,"date":"2016-04-19T11:40:55","date_gmt":"2016-04-19T10:40:55","guid":{"rendered":"http:\/\/www.metropolitan.edu.rs\/en\/?page_id=17706"},"modified":"2016-04-19T11:41:21","modified_gmt":"2016-04-19T10:41:21","slug":"locations","status":"publish","type":"page","link":"https:\/\/www.metropolitan.ac.rs\/en\/about-metropolitan-university\/locations\/","title":{"rendered":"Locations"},"content":{"rendered":"<p><strong>Belgrade Metropolitan University \u2013 Belgrade<\/strong><br \/>\n<strong>Belgrade Metropolitan University \/\/ Tadeu\u0161a Ko\u0161\u0107u\u0161ka 63, 11000 Beograd \/\/ Tel: +381 (11) 203 08 85, +381 (69) 203 08 85<\/strong><\/p>\n<p>&nbsp;<\/p>\n<p>Belgrade Metropolitan University, as a higher education institution, has always aspired to improve itself in every aspect. We provide most modern study programmes taught by top experts in their areas. However, all of that would not be possible without top conditions for work ad learning. You can find us in the attractive location in <strong><em>Tadeu\u0161a Ko\u0161\u0107u\u0161ka 63<\/em><\/strong>, by the Sports center \u201eMilan Gale Mu\u0161katirovi\u0107\u201c, by the Danube.<\/p>\n<p>&nbsp;<\/p>\n<p>We invite you to come and visit us and our premises.<\/p>\n<p>&nbsp;<\/p>\n<p><strong><em>Your Belgrade Metropolitan University<\/em><\/strong><\/p>\n<p>&nbsp;<\/p>\n<div id=\"jig1\" class=\"justified-image-grid jig-14aed1d373fa97e40957c03b23f81e2c jig-preset-1\"><div class=\"jig-clearfix\"><\/div><noscript id=\"jig1-html\" class=\"justified-image-grid-html\" data-lazy-src=\"skiplazyload\" data-src=\"skipunveillazyload\"><ul><li><a href=\"https:\/\/www.metropolitan.ac.rs\/files\/fotografije\/galerija\/okruzenje-univerziteta\/Okru\u017eenje-Univerziteta-34.jpg\"><img loading=\"lazy\" decoding=\"async\" src=\"https:\/\/www.metropolitan.ac.rs\/files\/fotografije\/galerija\/okruzenje-univerziteta\/Okru\u017eenje-Univerziteta-34.jpg\" alt=\"\" width=\"306\" height=\"230\" \/><\/a><\/li><li><a href=\"https:\/\/www.metropolitan.ac.rs\/files\/fotografije\/galerija\/okruzenje-univerziteta\/Okru\u017eenje-Univerziteta-32.jpg\"><img loading=\"lazy\" decoding=\"async\" src=\"https:\/\/www.metropolitan.ac.rs\/files\/fotografije\/galerija\/okruzenje-univerziteta\/Okru\u017eenje-Univerziteta-32.jpg\" alt=\"\" width=\"306\" height=\"230\" \/><\/a><\/li><li><a href=\"https:\/\/www.metropolitan.ac.rs\/files\/fotografije\/galerija\/okruzenje-univerziteta\/Okru\u017eenje-Univerziteta-27.jpg\"><img loading=\"lazy\" decoding=\"async\" src=\"https:\/\/www.metropolitan.ac.rs\/files\/fotografije\/galerija\/okruzenje-univerziteta\/Okru\u017eenje-Univerziteta-27.jpg\" alt=\"\" width=\"306\" height=\"230\" \/><\/a><\/li><li><a href=\"https:\/\/www.metropolitan.ac.rs\/files\/fotografije\/galerija\/okruzenje-univerziteta\/Okru\u017eenje-Univerziteta-28.jpg\"><img loading=\"lazy\" decoding=\"async\" src=\"https:\/\/www.metropolitan.ac.rs\/files\/fotografije\/galerija\/okruzenje-univerziteta\/Okru\u017eenje-Univerziteta-28.jpg\" alt=\"\" width=\"306\" height=\"230\" \/><\/a><\/li><li><a href=\"https:\/\/www.metropolitan.ac.rs\/files\/fotografije\/galerija\/okruzenje-univerziteta\/Okru\u017eenje-Univerziteta-19.jpg\"><img loading=\"lazy\" decoding=\"async\" src=\"https:\/\/www.metropolitan.ac.rs\/files\/fotografije\/galerija\/okruzenje-univerziteta\/Okru\u017eenje-Univerziteta-19.jpg\" alt=\"\" width=\"306\" height=\"230\" \/><\/a><\/li><li><a href=\"https:\/\/www.metropolitan.ac.rs\/files\/fotografije\/galerija\/okruzenje-univerziteta\/Okru\u017eenje-Univerziteta-18.jpg\"><img loading=\"lazy\" decoding=\"async\" src=\"https:\/\/www.metropolitan.ac.rs\/files\/fotografije\/galerija\/okruzenje-univerziteta\/Okru\u017eenje-Univerziteta-18.jpg\" alt=\"\" width=\"306\" height=\"230\" \/><\/a><\/li><li><a href=\"https:\/\/www.metropolitan.ac.rs\/files\/fotografije\/galerija\/okruzenje-univerziteta\/Okru\u017eenje-Univerziteta-43.jpg\"><img loading=\"lazy\" decoding=\"async\" src=\"https:\/\/www.metropolitan.ac.rs\/files\/fotografije\/galerija\/okruzenje-univerziteta\/Okru\u017eenje-Univerziteta-43.jpg\" alt=\"\" width=\"306\" height=\"230\" \/><\/a><\/li><li><a href=\"https:\/\/www.metropolitan.ac.rs\/files\/fotografije\/galerija\/okruzenje-univerziteta\/Okru\u017eenje-Univerziteta-11.jpg\"><img loading=\"lazy\" decoding=\"async\" src=\"https:\/\/www.metropolitan.ac.rs\/files\/fotografije\/galerija\/okruzenje-univerziteta\/Okru\u017eenje-Univerziteta-11.jpg\" alt=\"\" width=\"172\" height=\"230\" \/><\/a><\/li><li><a href=\"https:\/\/www.metropolitan.ac.rs\/files\/fotografije\/galerija\/okruzenje-univerziteta\/Okru\u017eenje-Univerziteta-10.jpg\"><img loading=\"lazy\" decoding=\"async\" src=\"https:\/\/www.metropolitan.ac.rs\/files\/fotografije\/galerija\/okruzenje-univerziteta\/Okru\u017eenje-Univerziteta-10.jpg\" alt=\"\" width=\"306\" height=\"230\" \/><\/a><\/li><li><a href=\"https:\/\/www.metropolitan.ac.rs\/files\/fotografije\/galerija\/okruzenje-univerziteta\/Okru\u017eenje-Univerziteta-05.jpg\"><img loading=\"lazy\" decoding=\"async\" src=\"https:\/\/www.metropolitan.ac.rs\/files\/fotografije\/galerija\/okruzenje-univerziteta\/Okru\u017eenje-Univerziteta-05.jpg\" alt=\"\" width=\"306\" height=\"230\" \/><\/a><\/li><li><a href=\"https:\/\/www.metropolitan.ac.rs\/files\/fotografije\/galerija\/okruzenje-univerziteta\/Okru\u017eenje-Univerziteta-04.jpg\"><img loading=\"lazy\" decoding=\"async\" src=\"https:\/\/www.metropolitan.ac.rs\/files\/fotografije\/galerija\/okruzenje-univerziteta\/Okru\u017eenje-Univerziteta-04.jpg\" alt=\"\" width=\"306\" height=\"230\" \/><\/a><\/li><li><a href=\"https:\/\/www.metropolitan.ac.rs\/files\/fotografije\/galerija\/okruzenje-univerziteta\/Okru\u017eenje-Univerziteta-36.jpg\"><img loading=\"lazy\" decoding=\"async\" src=\"https:\/\/www.metropolitan.ac.rs\/files\/fotografije\/galerija\/okruzenje-univerziteta\/Okru\u017eenje-Univerziteta-36.jpg\" alt=\"\" width=\"306\" height=\"230\" \/><\/a><\/li><li><a href=\"https:\/\/www.metropolitan.ac.rs\/files\/fotografije\/galerija\/okruzenje-univerziteta\/Okru\u017eenje-Univerziteta-37.jpg\"><img loading=\"lazy\" decoding=\"async\" src=\"https:\/\/www.metropolitan.ac.rs\/files\/fotografije\/galerija\/okruzenje-univerziteta\/Okru\u017eenje-Univerziteta-37.jpg\" alt=\"\" width=\"306\" height=\"230\" \/><\/a><\/li><li><a href=\"https:\/\/www.metropolitan.ac.rs\/files\/fotografije\/galerija\/okruzenje-univerziteta\/Okru\u017eenje-Univerziteta-06.jpg\"><img loading=\"lazy\" decoding=\"async\" src=\"https:\/\/www.metropolitan.ac.rs\/files\/fotografije\/galerija\/okruzenje-univerziteta\/Okru\u017eenje-Univerziteta-06.jpg\" alt=\"\" width=\"306\" height=\"230\" \/><\/a><\/li><li><a href=\"https:\/\/www.metropolitan.ac.rs\/files\/fotografije\/galerija\/okruzenje-univerziteta\/Okru\u017eenje-Univerziteta-38.jpg\"><img loading=\"lazy\" decoding=\"async\" src=\"https:\/\/www.metropolitan.ac.rs\/files\/fotografije\/galerija\/okruzenje-univerziteta\/Okru\u017eenje-Univerziteta-38.jpg\" alt=\"\" width=\"306\" height=\"230\" \/><\/a><\/li><\/ul><\/noscript><\/div>\n<p>&nbsp;<\/p>\n<p><strong>Belgrade Metropolitan University \u00a0\u2013 Ni\u0161<\/strong><br \/>\n<strong>Belgrade Metropolitan University\u00a0 \/\/ Svetog Cara Konstantina boulevard, 80-86, 18000, Ni\u0161 \/\/ Tel: +381 (18) 551 000<\/strong><\/p>\n<p>&nbsp;<\/p>\n<p>The business \u2013 educational center of the university in Nis can be found in the new location, on the following address:<\/p>\n<p><strong><em>Bulevar Svetog Cara Konstantina 80-86<\/em><\/strong> (former management building og the Industry).<\/p>\n<p>&nbsp;<\/p>\n<p>Prospect students can study Information technologies, Information Systems, Software Engineering, Computer Games, Business and marketing, Management in sports and Graphic design in this location.<\/p>\n<p>&nbsp;<\/p>\n<p>All students in this center follow the hybrid internet and traditional studies with everyday practical tutorials.<br \/>\nOne of the key objectives of this type of education is development of skills for team work for the fulfillment of the common objective of integration of personal initiative and group cooperation, development of skills for effective communication and efficiency in work with clients, users and colleagues, both verbal and textual, use of adequate terminology, as well as comprehension of the need for continuous learning during the entire career. Belgrade Metropolitan University is specific by the methodologies is applies since, other than the skill for team work, it develops creativity and individually in their work. The University develops the ability of students for innovative thinking, new approach to problems, ability to integrate and implement new technologies and investigative spirit. Leadership qualities and high professional and ethical standards is what we ask of them.<\/p>\n<p>&nbsp;<\/p>\n<p><strong><em>Come and visit our premises in Nis.<\/em><\/strong><\/p>\n<p>&nbsp;<\/p>\n<div id=\"jig2\" class=\"justified-image-grid jig-a9fa0d68136ef863fd1d4a4c61ee5ef1 jig-preset-1\"><div class=\"jig-clearfix\"><\/div><noscript id=\"jig2-html\" class=\"justified-image-grid-html\" data-lazy-src=\"skiplazyload\" data-src=\"skipunveillazyload\"><ul><li><a href=\"https:\/\/www.metropolitan.ac.rs\/files\/novosti\/2014\/februar\/metropolitan-centar\/metropolitan_centar_u_nisu_otvaranje11.jpg\" title=\"metropolitan_centar_u_nisu_otvaranje11\"><img loading=\"lazy\" decoding=\"async\" src=\"https:\/\/www.metropolitan.ac.rs\/files\/novosti\/2014\/februar\/metropolitan-centar\/metropolitan_centar_u_nisu_otvaranje11.jpg\" alt=\"metropolitan_centar_u_nisu_otvaranje11\" width=\"352\" height=\"230\" \/><\/a><p class=\"jig-HTMLdescription\">metropolitan_centar_u_nisu_otvaranje11<\/p><\/li><li><a href=\"https:\/\/www.metropolitan.ac.rs\/files\/novosti\/2014\/februar\/metropolitan-centar\/metropolitan_centar_u_nisu_otvaranje9.jpg\" title=\"metropolitan_centar_u_nisu_otvaranje9\"><img loading=\"lazy\" decoding=\"async\" src=\"https:\/\/www.metropolitan.ac.rs\/files\/novosti\/2014\/februar\/metropolitan-centar\/metropolitan_centar_u_nisu_otvaranje9.jpg\" alt=\"metropolitan_centar_u_nisu_otvaranje9\" width=\"352\" height=\"230\" \/><\/a><p class=\"jig-HTMLdescription\">metropolitan_centar_u_nisu_otvaranje9<\/p><\/li><li><a href=\"https:\/\/www.metropolitan.ac.rs\/files\/novosti\/2014\/februar\/metropolitan-centar\/metropolitan_centar_u_nisu_otvaranje8.jpg\" title=\"metropolitan_centar_u_nisu_otvaranje8\"><img loading=\"lazy\" decoding=\"async\" src=\"https:\/\/www.metropolitan.ac.rs\/files\/novosti\/2014\/februar\/metropolitan-centar\/metropolitan_centar_u_nisu_otvaranje8.jpg\" alt=\"metropolitan_centar_u_nisu_otvaranje8\" width=\"352\" height=\"230\" \/><\/a><p class=\"jig-HTMLdescription\">metropolitan_centar_u_nisu_otvaranje8<\/p><\/li><li><a href=\"https:\/\/www.metropolitan.ac.rs\/files\/novosti\/2014\/februar\/metropolitan-centar\/metropolitan_centar_u_nisu_otvaranje7.jpg\" title=\"metropolitan_centar_u_nisu_otvaranje7\"><img loading=\"lazy\" decoding=\"async\" src=\"https:\/\/www.metropolitan.ac.rs\/files\/novosti\/2014\/februar\/metropolitan-centar\/metropolitan_centar_u_nisu_otvaranje7.jpg\" alt=\"metropolitan_centar_u_nisu_otvaranje7\" width=\"352\" height=\"230\" \/><\/a><p class=\"jig-HTMLdescription\">metropolitan_centar_u_nisu_otvaranje7<\/p><\/li><li><a href=\"https:\/\/www.metropolitan.ac.rs\/files\/novosti\/2014\/februar\/metropolitan-centar\/metropolitan_centar_u_nisu_otvaranje6.jpg\" title=\"metropolitan_centar_u_nisu_otvaranje6\"><img loading=\"lazy\" decoding=\"async\" src=\"https:\/\/www.metropolitan.ac.rs\/files\/novosti\/2014\/februar\/metropolitan-centar\/metropolitan_centar_u_nisu_otvaranje6.jpg\" alt=\"metropolitan_centar_u_nisu_otvaranje6\" width=\"352\" height=\"230\" \/><\/a><p class=\"jig-HTMLdescription\">metropolitan_centar_u_nisu_otvaranje6<\/p><\/li><li><a href=\"https:\/\/www.metropolitan.ac.rs\/files\/novosti\/2014\/februar\/metropolitan-centar\/metropolitan_centar_u_nisu_otvaranje5.jpg\" title=\"metropolitan_centar_u_nisu_otvaranje5\"><img loading=\"lazy\" decoding=\"async\" src=\"https:\/\/www.metropolitan.ac.rs\/files\/novosti\/2014\/februar\/metropolitan-centar\/metropolitan_centar_u_nisu_otvaranje5.jpg\" alt=\"metropolitan_centar_u_nisu_otvaranje5\" width=\"352\" height=\"230\" \/><\/a><p class=\"jig-HTMLdescription\">metropolitan_centar_u_nisu_otvaranje5<\/p><\/li><li><a href=\"https:\/\/www.metropolitan.ac.rs\/files\/novosti\/2014\/februar\/metropolitan-centar\/metropolitan_centar_u_nisu_otvaranje4.jpg\" title=\"metropolitan_centar_u_nisu_otvaranje4\"><img loading=\"lazy\" decoding=\"async\" src=\"https:\/\/www.metropolitan.ac.rs\/files\/novosti\/2014\/februar\/metropolitan-centar\/metropolitan_centar_u_nisu_otvaranje4.jpg\" alt=\"metropolitan_centar_u_nisu_otvaranje4\" width=\"352\" height=\"230\" \/><\/a><p class=\"jig-HTMLdescription\">metropolitan_centar_u_nisu_otvaranje4<\/p><\/li><li><a href=\"https:\/\/www.metropolitan.ac.rs\/files\/novosti\/2014\/februar\/metropolitan-centar\/metropolitan_centar_u_nisu_otvaranje3.jpg\" title=\"metropolitan_centar_u_nisu_otvaranje3\"><img loading=\"lazy\" decoding=\"async\" src=\"https:\/\/www.metropolitan.ac.rs\/files\/novosti\/2014\/februar\/metropolitan-centar\/metropolitan_centar_u_nisu_otvaranje3.jpg\" alt=\"metropolitan_centar_u_nisu_otvaranje3\" width=\"352\" height=\"230\" \/><\/a><p class=\"jig-HTMLdescription\">metropolitan_centar_u_nisu_otvaranje3<\/p><\/li><li><a href=\"https:\/\/www.metropolitan.ac.rs\/files\/novosti\/2014\/februar\/metropolitan-centar\/metropolitan_centar_u_nisu_otvaranje2.jpg\" title=\"metropolitan_centar_u_nisu_otvaranje2\"><img loading=\"lazy\" decoding=\"async\" src=\"https:\/\/www.metropolitan.ac.rs\/files\/novosti\/2014\/februar\/metropolitan-centar\/metropolitan_centar_u_nisu_otvaranje2.jpg\" alt=\"metropolitan_centar_u_nisu_otvaranje2\" width=\"352\" height=\"230\" \/><\/a><p class=\"jig-HTMLdescription\">metropolitan_centar_u_nisu_otvaranje2<\/p><\/li><li><a href=\"https:\/\/www.metropolitan.ac.rs\/files\/fotografije\/galerija\/centar-u-nisu\/centar-u-nisu.jpg\"><img loading=\"lazy\" decoding=\"async\" src=\"https:\/\/www.metropolitan.ac.rs\/files\/fotografije\/galerija\/centar-u-nisu\/centar-u-nisu.jpg\" alt=\"\" width=\"368\" height=\"230\" \/><\/a><\/li><li><a href=\"https:\/\/www.metropolitan.ac.rs\/files\/novosti\/2014\/februar\/metropolitan-centar\/metropolitan_centar_u_nisu_otvaranje1.jpg\" title=\"metropolitan_centar_u_nisu_otvaranje1\"><img loading=\"lazy\" decoding=\"async\" src=\"https:\/\/www.metropolitan.ac.rs\/files\/novosti\/2014\/februar\/metropolitan-centar\/metropolitan_centar_u_nisu_otvaranje1.jpg\" alt=\"metropolitan_centar_u_nisu_otvaranje1\" width=\"346\" height=\"230\" \/><\/a><p class=\"jig-HTMLdescription\">metropolitan_centar_u_nisu_otvaranje1<\/p><\/li><li><a href=\"https:\/\/www.metropolitan.ac.rs\/files\/novosti\/2014\/februar\/okrugli-sto-u-nisu\/okrugli-sto-nis-08.jpg\"><img loading=\"lazy\" decoding=\"async\" src=\"https:\/\/www.metropolitan.ac.rs\/files\/novosti\/2014\/februar\/okrugli-sto-u-nisu\/okrugli-sto-nis-08.jpg\" alt=\"\" width=\"344\" height=\"230\" \/><\/a><\/li><li><a href=\"https:\/\/www.metropolitan.ac.rs\/files\/novosti\/2014\/februar\/metropolitan-centar\/metropolitan_centar_u_nisu_otvaranje10.jpg\" title=\"metropolitan_centar_u_nisu_otvaranje10\"><img loading=\"lazy\" decoding=\"async\" src=\"https:\/\/www.metropolitan.ac.rs\/files\/novosti\/2014\/februar\/metropolitan-centar\/metropolitan_centar_u_nisu_otvaranje10.jpg\" alt=\"metropolitan_centar_u_nisu_otvaranje10\" width=\"352\" height=\"230\" \/><\/a><p class=\"jig-HTMLdescription\">metropolitan_centar_u_nisu_otvaranje10<\/p><\/li><li><a href=\"https:\/\/www.metropolitan.ac.rs\/files\/fotografije\/galerija\/centar-u-nisu\/centar-u-nisu07.jpg\"><img loading=\"lazy\" decoding=\"async\" src=\"https:\/\/www.metropolitan.ac.rs\/files\/fotografije\/galerija\/centar-u-nisu\/centar-u-nisu07.jpg\" alt=\"\" width=\"368\" height=\"230\" \/><\/a><\/li><li><a href=\"https:\/\/www.metropolitan.ac.rs\/files\/fotografije\/galerija\/centar-u-nisu\/centar-u-nisu05.jpg\"><img loading=\"lazy\" decoding=\"async\" src=\"https:\/\/www.metropolitan.ac.rs\/files\/fotografije\/galerija\/centar-u-nisu\/centar-u-nisu05.jpg\" alt=\"\" width=\"368\" height=\"230\" \/><\/a><\/li><li><a href=\"https:\/\/www.metropolitan.ac.rs\/files\/novosti\/2014\/februar\/okrugli-sto-u-nisu\/okrugli-sto-nis-03.jpg\"><img loading=\"lazy\" decoding=\"async\" src=\"https:\/\/www.metropolitan.ac.rs\/files\/novosti\/2014\/februar\/okrugli-sto-u-nisu\/okrugli-sto-nis-03.jpg\" alt=\"\" width=\"344\" height=\"230\" \/><\/a><\/li><li><a href=\"https:\/\/www.metropolitan.ac.rs\/files\/fotografije\/galerija\/centar-u-nisu\/centar-u-nisu01.jpg\"><img loading=\"lazy\" decoding=\"async\" src=\"https:\/\/www.metropolitan.ac.rs\/files\/fotografije\/galerija\/centar-u-nisu\/centar-u-nisu01.jpg\" alt=\"\" width=\"368\" height=\"230\" \/><\/a><\/li><li><a href=\"https:\/\/www.metropolitan.ac.rs\/files\/fotografije\/galerija\/centar-u-nisu\/centar-u-nisu02.jpg\"><img loading=\"lazy\" decoding=\"async\" src=\"https:\/\/www.metropolitan.ac.rs\/files\/fotografije\/galerija\/centar-u-nisu\/centar-u-nisu02.jpg\" alt=\"\" width=\"368\" height=\"230\" \/><\/a><\/li><\/ul><\/noscript><\/div>\n","protected":false},"excerpt":{"rendered":"<p> [&hellip;]<\/p>\n","protected":false},"author":5,"featured_media":0,"parent":17710,"menu_order":0,"comment_status":"closed","ping_status":"closed","template":"full-width.php","meta":{"footnotes":""},"class_list":["post-17706","page","type-page","status-publish","hentry"],"yoast_head":"<!-- This site is optimized with the Yoast SEO plugin v27.2 - https:\/\/yoast.com\/product\/yoast-seo-wordpress\/ -->\n<title>Locations - Univerzitet Metropolitan<\/title>\n<meta name=\"robots\" content=\"index, follow, max-snippet:-1, max-image-preview:large, max-video-preview:-1\" \/>\n<link rel=\"canonical\" href=\"https:\/\/www.metropolitan.ac.rs\/en\/about-metropolitan-university\/locations\/\" \/>\n<meta property=\"og:locale\" content=\"en_US\" \/>\n<meta property=\"og:type\" content=\"article\" \/>\n<meta property=\"og:title\" content=\"Locations - Univerzitet Metropolitan\" \/>\n<meta property=\"og:description\" content=\"[&hellip;]\" \/>\n<meta property=\"og:url\" content=\"https:\/\/www.metropolitan.ac.rs\/en\/about-metropolitan-university\/locations\/\" \/>\n<meta property=\"og:site_name\" content=\"Univerzitet Metropolitan\" \/>\n<meta property=\"article:modified_time\" content=\"2016-04-19T10:41:21+00:00\" \/>\n<meta name=\"twitter:label1\" content=\"Est. reading time\" \/>\n\t<meta name=\"twitter:data1\" content=\"2 minutes\" \/>\n<script type=\"application\/ld+json\" class=\"yoast-schema-graph\">{\"@context\":\"https:\/\/schema.org\",\"@graph\":[{\"@type\":\"WebPage\",\"@id\":\"https:\/\/www.metropolitan.ac.rs\/en\/about-metropolitan-university\/locations\/\",\"url\":\"https:\/\/www.metropolitan.ac.rs\/en\/about-metropolitan-university\/locations\/\",\"name\":\"Locations - Univerzitet Metropolitan\",\"isPartOf\":{\"@id\":\"https:\/\/www.metropolitan.ac.rs\/#website\"},\"datePublished\":\"2016-04-19T10:40:55+00:00\",\"dateModified\":\"2016-04-19T10:41:21+00:00\",\"breadcrumb\":{\"@id\":\"https:\/\/www.metropolitan.ac.rs\/en\/about-metropolitan-university\/locations\/#breadcrumb\"},\"inLanguage\":\"en-US\",\"potentialAction\":[{\"@type\":\"ReadAction\",\"target\":[\"https:\/\/www.metropolitan.ac.rs\/en\/about-metropolitan-university\/locations\/\"]}]},{\"@type\":\"BreadcrumbList\",\"@id\":\"https:\/\/www.metropolitan.ac.rs\/en\/about-metropolitan-university\/locations\/#breadcrumb\",\"itemListElement\":[{\"@type\":\"ListItem\",\"position\":1,\"name\":\"Home\",\"item\":\"https:\/\/www.metropolitan.ac.rs\/en\/\"},{\"@type\":\"ListItem\",\"position\":2,\"name\":\"About University\",\"item\":\"https:\/\/www.metropolitan.ac.rs\/en\/about-metropolitan-university\/\"},{\"@type\":\"ListItem\",\"position\":3,\"name\":\"Locations\"}]},{\"@type\":\"WebSite\",\"@id\":\"https:\/\/www.metropolitan.ac.rs\/#website\",\"url\":\"https:\/\/www.metropolitan.ac.rs\/\",\"name\":\"Univerzitet Metropolitan\",\"description\":\"Student u centru pa\u017enje\",\"potentialAction\":[{\"@type\":\"SearchAction\",\"target\":{\"@type\":\"EntryPoint\",\"urlTemplate\":\"https:\/\/www.metropolitan.ac.rs\/?s={search_term_string}\"},\"query-input\":{\"@type\":\"PropertyValueSpecification\",\"valueRequired\":true,\"valueName\":\"search_term_string\"}}],\"inLanguage\":\"en-US\"}]}<\/script>\n<!-- \/ Yoast SEO plugin. -->","yoast_head_json":{"title":"Locations - Univerzitet Metropolitan","robots":{"index":"index","follow":"follow","max-snippet":"max-snippet:-1","max-image-preview":"max-image-preview:large","max-video-preview":"max-video-preview:-1"},"canonical":"https:\/\/www.metropolitan.ac.rs\/en\/about-metropolitan-university\/locations\/","og_locale":"en_US","og_type":"article","og_title":"Locations - Univerzitet Metropolitan","og_description":"[&hellip;]","og_url":"https:\/\/www.metropolitan.ac.rs\/en\/about-metropolitan-university\/locations\/","og_site_name":"Univerzitet Metropolitan","article_modified_time":"2016-04-19T10:41:21+00:00","twitter_misc":{"Est. reading time":"2 minutes"},"schema":{"@context":"https:\/\/schema.org","@graph":[{"@type":"WebPage","@id":"https:\/\/www.metropolitan.ac.rs\/en\/about-metropolitan-university\/locations\/","url":"https:\/\/www.metropolitan.ac.rs\/en\/about-metropolitan-university\/locations\/","name":"Locations - Univerzitet Metropolitan","isPartOf":{"@id":"https:\/\/www.metropolitan.ac.rs\/#website"},"datePublished":"2016-04-19T10:40:55+00:00","dateModified":"2016-04-19T10:41:21+00:00","breadcrumb":{"@id":"https:\/\/www.metropolitan.ac.rs\/en\/about-metropolitan-university\/locations\/#breadcrumb"},"inLanguage":"en-US","potentialAction":[{"@type":"ReadAction","target":["https:\/\/www.metropolitan.ac.rs\/en\/about-metropolitan-university\/locations\/"]}]},{"@type":"BreadcrumbList","@id":"https:\/\/www.metropolitan.ac.rs\/en\/about-metropolitan-university\/locations\/#breadcrumb","itemListElement":[{"@type":"ListItem","position":1,"name":"Home","item":"https:\/\/www.metropolitan.ac.rs\/en\/"},{"@type":"ListItem","position":2,"name":"About University","item":"https:\/\/www.metropolitan.ac.rs\/en\/about-metropolitan-university\/"},{"@type":"ListItem","position":3,"name":"Locations"}]},{"@type":"WebSite","@id":"https:\/\/www.metropolitan.ac.rs\/#website","url":"https:\/\/www.metropolitan.ac.rs\/","name":"Univerzitet Metropolitan","description":"Student u centru pa\u017enje","potentialAction":[{"@type":"SearchAction","target":{"@type":"EntryPoint","urlTemplate":"https:\/\/www.metropolitan.ac.rs\/?s={search_term_string}"},"query-input":{"@type":"PropertyValueSpecification","valueRequired":true,"valueName":"search_term_string"}}],"inLanguage":"en-US"}]}},"_links":{"self":[{"href":"https:\/\/www.metropolitan.ac.rs\/en\/wp-json\/wp\/v2\/pages\/17706","targetHints":{"allow":["GET"]}}],"collection":[{"href":"https:\/\/www.metropolitan.ac.rs\/en\/wp-json\/wp\/v2\/pages"}],"about":[{"href":"https:\/\/www.metropolitan.ac.rs\/en\/wp-json\/wp\/v2\/types\/page"}],"author":[{"embeddable":true,"href":"https:\/\/www.metropolitan.ac.rs\/en\/wp-json\/wp\/v2\/users\/5"}],"replies":[{"embeddable":true,"href":"https:\/\/www.metropolitan.ac.rs\/en\/wp-json\/wp\/v2\/comments?post=17706"}],"version-history":[{"count":0,"href":"https:\/\/www.metropolitan.ac.rs\/en\/wp-json\/wp\/v2\/pages\/17706\/revisions"}],"up":[{"embeddable":true,"href":"https:\/\/www.metropolitan.ac.rs\/en\/wp-json\/wp\/v2\/pages\/17710"}],"wp:attachment":[{"href":"https:\/\/www.metropolitan.ac.rs\/en\/wp-json\/wp\/v2\/media?parent=17706"}],"curies":[{"name":"wp","href":"https:\/\/api.w.org\/{rel}","templated":true}]}}